{"id":2879,"date":"2026-04-27T16:26:31","date_gmt":"2026-04-27T08:26:31","guid":{"rendered":"https:\/\/jinlingcraft.com\/?post_type=product&#038;p=2879"},"modified":"2026-05-09T12:13:06","modified_gmt":"2026-05-09T04:13:06","slug":"wooden-tiered-display-shelf-with-laser-cut-arch-back-panel","status":"publish","type":"product","link":"https:\/\/jinlingcraft.com\/de\/products\/wooden-display-stands\/wooden-tiered-display-shelf-with-laser-cut-arch-back-panel\/","title":{"rendered":"Holzregal mit lasergeschnittener Bogenr\u00fcckwand"},"content":{"rendered":"<p class=\"p1\">The wooden tiered display shelf is a versatile tabletop display stand for organizing and presenting small products in retail, event, craft, and home environments. Its three-tier structure helps create vertical display space, making products easier to see while keeping counters, shelves, booths, and desks neat and organized.<\/p>\n<p class=\"p1\">The shelf features a decorative laser-cut arch back panel with geometric floral patterns, giving the display stand a refined handcrafted appearance. The open front and tiered shelves make it suitable for displaying small gifts, candles, cosmetics, jewelry, stationery, figurines, cards, souvenirs, mini plants, dessert items, craft supplies, and seasonal d\u00e9cor products.<\/p>\n<p class=\"p1\">Made from lightweight wooden panels, this product supports slot-in assembly and flat-pack shipping, making it especially suitable for wholesale orders, event displays, retail merchandising, and private-label wooden display collections.<\/p>","protected":false},"excerpt":{"rendered":"<p>Dieses h\u00f6lzerne Regal wurde f\u00fcr die Pr\u00e4sentation von Produkten im Einzelhandel, auf Handwerksmessen, in Geschenkel\u00e4den, f\u00fcr die Pr\u00e4sentation von Schreibwaren, f\u00fcr Desserttische, f\u00fcr die Organisation von kleinen Dekorationen und f\u00fcr das Merchandising auf Tischen entwickelt. Mit einer dreistufigen Holzstruktur, einer lasergeschnittenen Bogenr\u00fcckwand, seitlichen St\u00fctzpaneelen und einem Flat-Pack-Montagedesign bietet es eine praktische und dekorative Pr\u00e4sentationsl\u00f6sung f\u00fcr Einzelh\u00e4ndler, Geschenkemarken, Kunsthandwerker, Veranstaltungsanbieter und Gro\u00dfhandels-Holzdisplaysammlungen.<\/p>","protected":false},"featured_media":2710,"comment_status":"open","ping_status":"closed","template":"","meta":{"_acf_changed":false,"site-sidebar-layout":"default","site-content-layout":"","ast-site-content-layout":"default","site-content-style":"default","site-sidebar-style":"default","ast-global-header-display":"","ast-banner-title-visibility":"","ast-main-header-display":"","ast-hfb-above-header-display":"","ast-hfb-below-header-display":"","ast-hfb-mobile-header-display":"","site-post-title":"","ast-breadcrumbs-content":"","ast-featured-img":"","footer-sml-layout":"","ast-disable-related-posts":"","theme-transparent-header-meta":"default","adv-header-id-meta":"","stick-header-meta":"default","header-above-stick-meta":"","header-main-stick-meta":"","header-below-stick-meta":"","astra-migrate-meta-layouts":"set","ast-page-background-enabled":"default","ast-page-background-meta":{"desktop":{"background-color":"var(--ast-global-color-5)","background-image":"","background-repeat":"repeat","background-position":"center center","background-size":"auto","background-attachment":"scroll","background-type":"","background-media":"","overlay-type":"","overlay-color":"","overlay-opacity":"","overlay-gradient":""},"tablet":{"background-color":"","background-image":"","background-repeat":"repeat","background-position":"center center","background-size":"auto","background-attachment":"scroll","background-type":"","background-media":"","overlay-type":"","overlay-color":"","overlay-opacity":"","overlay-gradient":""},"mobile":{"background-color":"","background-image":"","background-repeat":"repeat","background-position":"center center","background-size":"auto","background-attachment":"scroll","background-type":"","background-media":"","overlay-type":"","overlay-color":"","overlay-opacity":"","overlay-gradient":""}},"ast-content-background-meta":{"desktop":{"background-color":"var(--ast-global-color-4)","background-image":"","background-repeat":"repeat","background-position":"center center","background-size":"auto","background-attachment":"scroll","background-type":"","background-media":"","overlay-type":"","overlay-color":"","overlay-opacity":"","overlay-gradient":""},"tablet":{"background-color":"var(--ast-global-color-4)","background-image":"","background-repeat":"repeat","background-position":"center center","background-size":"auto","background-attachment":"scroll","background-type":"","background-media":"","overlay-type":"","overlay-color":"","overlay-opacity":"","overlay-gradient":""},"mobile":{"background-color":"var(--ast-global-color-4)","background-image":"","background-repeat":"repeat","background-position":"center center","background-size":"auto","background-attachment":"scroll","background-type":"","background-media":"","overlay-type":"","overlay-color":"","overlay-opacity":"","overlay-gradient":""}}},"product_brand":[191],"product_cat":[25],"product_tag":[269,270],"class_list":{"0":"post-2879","1":"product","2":"type-product","3":"status-publish","4":"has-post-thumbnail","6":"product_brand-jinling","7":"product_cat-wooden-display-stands","8":"product_tag-display-stand","9":"product_tag-wooden-crafts","10":"desktop-align-left","11":"tablet-align-left","12":"mobile-align-left","14":"first","15":"instock","16":"shipping-taxable","17":"product-type-simple"},"acf":[],"_links":{"self":[{"href":"https:\/\/jinlingcraft.com\/de\/wp-json\/wp\/v2\/product\/2879","targetHints":{"allow":["GET"]}}],"collection":[{"href":"https:\/\/jinlingcraft.com\/de\/wp-json\/wp\/v2\/product"}],"about":[{"href":"https:\/\/jinlingcraft.com\/de\/wp-json\/wp\/v2\/types\/product"}],"replies":[{"embeddable":true,"href":"https:\/\/jinlingcraft.com\/de\/wp-json\/wp\/v2\/comments?post=2879"}],"wp:featuredmedia":[{"embeddable":true,"href":"https:\/\/jinlingcraft.com\/de\/wp-json\/wp\/v2\/media\/2710"}],"wp:attachment":[{"href":"https:\/\/jinlingcraft.com\/de\/wp-json\/wp\/v2\/media?parent=2879"}],"wp:term":[{"taxonomy":"product_brand","embeddable":true,"href":"https:\/\/jinlingcraft.com\/de\/wp-json\/wp\/v2\/product_brand?post=2879"},{"taxonomy":"product_cat","embeddable":true,"href":"https:\/\/jinlingcraft.com\/de\/wp-json\/wp\/v2\/product_cat?post=2879"},{"taxonomy":"product_tag","embeddable":true,"href":"https:\/\/jinlingcraft.com\/de\/wp-json\/wp\/v2\/product_tag?post=2879"}],"curies":[{"name":"wp","href":"https:\/\/api.w.org\/{rel}","templated":true}]}}