{"id":2918,"date":"2026-04-27T18:11:44","date_gmt":"2026-04-27T10:11:44","guid":{"rendered":"https:\/\/jinlingcraft.com\/?post_type=product&#038;p=2918"},"modified":"2026-05-09T12:00:20","modified_gmt":"2026-05-09T04:00:20","slug":"wooden-yarn-storage-organizer-with-knitting-needle-holder","status":"publish","type":"product","link":"https:\/\/jinlingcraft.com\/de\/products\/sewing-supplies\/wooden-yarn-storage-organizer-with-knitting-needle-holder\/","title":{"rendered":"Garnaufbewahrungs-Organizer aus Holz mit Stricknadelhalter"},"content":{"rendered":"<p class=\"p1\">Der h\u00f6lzerne Garnaufbewahrungs-Organizer mit Stricknadelhalter ist ein funktionelles Aufbewahrungsprodukt f\u00fcr H\u00e4kel-, Strick-, N\u00e4h- und Handarbeitsmaterialien. Er kombiniert eine ger\u00e4umige Garnaufbewahrungsbox mit einem seitlichen Regal zur Aufbewahrung von Stricknadeln, H\u00e4kelnadeln und schlanken Handwerksger\u00e4ten.<\/p>\n<p class=\"p1\">Die spiralf\u00f6rmige Aussparung auf der Vorderseite dient als dekorative Fadenf\u00fchrung, die beim Stricken oder H\u00e4keln f\u00fcr einen gleichm\u00e4\u00dfigen Fadenlauf sorgt. Der seitliche Halter verf\u00fcgt \u00fcber mehrere L\u00f6cher und Schlitze, so dass Sie verschiedene Nadelst\u00e4rken sortieren und h\u00e4ufig verwendete Werkzeuge in Reichweite haben k\u00f6nnen.<\/p>\n<p class=\"p1\">Der aus lasergeschnittenen Holzpaneelen gefertigte Organizer hat ein nat\u00fcrliches, handwerkliches Aussehen und eignet sich f\u00fcr DIY-Dekoration, Branding, Beizen, Bemalen oder personalisierte Gravuren. Er ist ideal f\u00fcr Bastelr\u00e4ume, N\u00e4hateliers, Hobbyl\u00e4den, handgefertigte Geschenksammlungen und Eigenmarken f\u00fcr Bastelzubeh\u00f6r.<\/p>","protected":false},"excerpt":{"rendered":"<p class=\"p1\">Dieser h\u00f6lzerne Garnaufbewahrungs-Organisator mit Stricknadelhalter ist f\u00fcr Garnkugeln, H\u00e4kelwerkzeuge, Stricknadeln und handgefertigte Handwerksartikel gedacht. Mit einer lasergeschnittenen Holzstruktur, einer spiralf\u00f6rmigen Garnf\u00fchrung und einer seitlichen Nadelablage bietet er eine praktische und dekorative Organisationsl\u00f6sung f\u00fcr H\u00e4kel-, Strick-, N\u00e4h- und Bastelbedarf.<\/p>","protected":false},"featured_media":2492,"comment_status":"open","ping_status":"closed","template":"","meta":{"_acf_changed":false,"site-sidebar-layout":"default","site-content-layout":"","ast-site-content-layout":"default","site-content-style":"default","site-sidebar-style":"default","ast-global-header-display":"","ast-banner-title-visibility":"","ast-main-header-display":"","ast-hfb-above-header-display":"","ast-hfb-below-header-display":"","ast-hfb-mobile-header-display":"","site-post-title":"","ast-breadcrumbs-content":"","ast-featured-img":"","footer-sml-layout":"","ast-disable-related-posts":"","theme-transparent-header-meta":"default","adv-header-id-meta":"","stick-header-meta":"default","header-above-stick-meta":"","header-main-stick-meta":"","header-below-stick-meta":"","astra-migrate-meta-layouts":"set","ast-page-background-enabled":"default","ast-page-background-meta":{"desktop":{"background-color":"var(--ast-global-color-5)","background-image":"","background-repeat":"repeat","background-position":"center center","background-size":"auto","background-attachment":"scroll","background-type":"","background-media":"","overlay-type":"","overlay-color":"","overlay-opacity":"","overlay-gradient":""},"tablet":{"background-color":"","background-image":"","background-repeat":"repeat","background-position":"center center","background-size":"auto","background-attachment":"scroll","background-type":"","background-media":"","overlay-type":"","overlay-color":"","overlay-opacity":"","overlay-gradient":""},"mobile":{"background-color":"","background-image":"","background-repeat":"repeat","background-position":"center center","background-size":"auto","background-attachment":"scroll","background-type":"","background-media":"","overlay-type":"","overlay-color":"","overlay-opacity":"","overlay-gradient":""}},"ast-content-background-meta":{"desktop":{"background-color":"var(--ast-global-color-4)","background-image":"","background-repeat":"repeat","background-position":"center center","background-size":"auto","background-attachment":"scroll","background-type":"","background-media":"","overlay-type":"","overlay-color":"","overlay-opacity":"","overlay-gradient":""},"tablet":{"background-color":"var(--ast-global-color-4)","background-image":"","background-repeat":"repeat","background-position":"center center","background-size":"auto","background-attachment":"scroll","background-type":"","background-media":"","overlay-type":"","overlay-color":"","overlay-opacity":"","overlay-gradient":""},"mobile":{"background-color":"var(--ast-global-color-4)","background-image":"","background-repeat":"repeat","background-position":"center center","background-size":"auto","background-attachment":"scroll","background-type":"","background-media":"","overlay-type":"","overlay-color":"","overlay-opacity":"","overlay-gradient":""}}},"product_brand":[191],"product_cat":[34],"product_tag":[270],"class_list":{"0":"post-2918","1":"product","2":"type-product","3":"status-publish","4":"has-post-thumbnail","6":"product_brand-jinling","7":"product_cat-sewing-supplies","8":"product_tag-wooden-crafts","9":"desktop-align-left","10":"tablet-align-left","11":"mobile-align-left","13":"first","14":"instock","15":"shipping-taxable","16":"product-type-simple"},"acf":[],"_links":{"self":[{"href":"https:\/\/jinlingcraft.com\/de\/wp-json\/wp\/v2\/product\/2918","targetHints":{"allow":["GET"]}}],"collection":[{"href":"https:\/\/jinlingcraft.com\/de\/wp-json\/wp\/v2\/product"}],"about":[{"href":"https:\/\/jinlingcraft.com\/de\/wp-json\/wp\/v2\/types\/product"}],"replies":[{"embeddable":true,"href":"https:\/\/jinlingcraft.com\/de\/wp-json\/wp\/v2\/comments?post=2918"}],"wp:featuredmedia":[{"embeddable":true,"href":"https:\/\/jinlingcraft.com\/de\/wp-json\/wp\/v2\/media\/2492"}],"wp:attachment":[{"href":"https:\/\/jinlingcraft.com\/de\/wp-json\/wp\/v2\/media?parent=2918"}],"wp:term":[{"taxonomy":"product_brand","embeddable":true,"href":"https:\/\/jinlingcraft.com\/de\/wp-json\/wp\/v2\/product_brand?post=2918"},{"taxonomy":"product_cat","embeddable":true,"href":"https:\/\/jinlingcraft.com\/de\/wp-json\/wp\/v2\/product_cat?post=2918"},{"taxonomy":"product_tag","embeddable":true,"href":"https:\/\/jinlingcraft.com\/de\/wp-json\/wp\/v2\/product_tag?post=2918"}],"curies":[{"name":"wp","href":"https:\/\/api.w.org\/{rel}","templated":true}]}}