{"id":2907,"date":"2026-04-27T17:30:48","date_gmt":"2026-04-27T09:30:48","guid":{"rendered":"https:\/\/jinlingcraft.com\/?post_type=product&#038;p=2907"},"modified":"2026-05-09T12:13:06","modified_gmt":"2026-05-09T04:13:06","slug":"wooden-first-birthday-milestone-board-for-kids-photo-props","status":"publish","type":"product","link":"https:\/\/jinlingcraft.com\/es\/products\/children-school-supplies\/wooden-first-birthday-milestone-board-for-kids-photo-props\/","title":{"rendered":"Tablero de madera de primer cumplea\u00f1os para atrezzo fotogr\u00e1fico infantil"},"content":{"rendered":"<p class=\"p1\">The wooden first birthday milestone board is a decorative baby memory board for recording important details of a child\u2019s first birthday. It is ideal for parents, photographers, party planners, baby gift brands, and online sellers who need a meaningful and photo-ready birthday decoration product.<\/p>\n<p class=\"p1\">The board features an arched wooden shape with engraved \u201cMy 1st Birthday\u201d text, rainbow detail, and multiple writing or photo display areas. Parents can fill in baby\u2019s height, weight, favorite foods, nicknames, words, and favorite activities to create a personalized birthday keepsake.<\/p>\n<p class=\"p1\">Made from lightweight wooden board, this milestone board is suitable for cake smash photography, birthday dessert tables, nursery decoration, baby shower gifts, and personalized party supply collections. It can also be customized with different languages, names, dates, shapes, themes, and packaging for wholesale buyers.<\/p>","protected":false},"excerpt":{"rendered":"<p class=\"p1\">Esta pizarra de madera para el primer cumplea\u00f1os est\u00e1 dise\u00f1ada para la fiesta del primer cumplea\u00f1os del beb\u00e9, fotos de la tarta, decoraci\u00f3n de la habitaci\u00f3n del beb\u00e9 y exposici\u00f3n de recuerdos. Con el texto \u201cMi 1er cumplea\u00f1os\u201d grabado, ilustraciones de arco iris y varias \u00e1reas de escritura en blanco, ayuda a registrar la altura, el peso, las comidas favoritas, los apodos, las primeras palabras y las actividades favoritas del beb\u00e9 de una forma c\u00e1lida y decorativa.<\/p>","protected":false},"featured_media":2559,"comment_status":"open","ping_status":"closed","template":"","meta":{"_acf_changed":false,"site-sidebar-layout":"default","site-content-layout":"","ast-site-content-layout":"default","site-content-style":"default","site-sidebar-style":"default","ast-global-header-display":"","ast-banner-title-visibility":"","ast-main-header-display":"","ast-hfb-above-header-display":"","ast-hfb-below-header-display":"","ast-hfb-mobile-header-display":"","site-post-title":"","ast-breadcrumbs-content":"","ast-featured-img":"","footer-sml-layout":"","ast-disable-related-posts":"","theme-transparent-header-meta":"default","adv-header-id-meta":"","stick-header-meta":"default","header-above-stick-meta":"","header-main-stick-meta":"","header-below-stick-meta":"","astra-migrate-meta-layouts":"set","ast-page-background-enabled":"default","ast-page-background-meta":{"desktop":{"background-color":"var(--ast-global-color-5)","background-image":"","background-repeat":"repeat","background-position":"center center","background-size":"auto","background-attachment":"scroll","background-type":"","background-media":"","overlay-type":"","overlay-color":"","overlay-opacity":"","overlay-gradient":""},"tablet":{"background-color":"","background-image":"","background-repeat":"repeat","background-position":"center center","background-size":"auto","background-attachment":"scroll","background-type":"","background-media":"","overlay-type":"","overlay-color":"","overlay-opacity":"","overlay-gradient":""},"mobile":{"background-color":"","background-image":"","background-repeat":"repeat","background-position":"center center","background-size":"auto","background-attachment":"scroll","background-type":"","background-media":"","overlay-type":"","overlay-color":"","overlay-opacity":"","overlay-gradient":""}},"ast-content-background-meta":{"desktop":{"background-color":"var(--ast-global-color-4)","background-image":"","background-repeat":"repeat","background-position":"center center","background-size":"auto","background-attachment":"scroll","background-type":"","background-media":"","overlay-type":"","overlay-color":"","overlay-opacity":"","overlay-gradient":""},"tablet":{"background-color":"var(--ast-global-color-4)","background-image":"","background-repeat":"repeat","background-position":"center center","background-size":"auto","background-attachment":"scroll","background-type":"","background-media":"","overlay-type":"","overlay-color":"","overlay-opacity":"","overlay-gradient":""},"mobile":{"background-color":"var(--ast-global-color-4)","background-image":"","background-repeat":"repeat","background-position":"center center","background-size":"auto","background-attachment":"scroll","background-type":"","background-media":"","overlay-type":"","overlay-color":"","overlay-opacity":"","overlay-gradient":""}}},"product_brand":[191],"product_cat":[35],"product_tag":[264],"class_list":{"0":"post-2907","1":"product","2":"type-product","3":"status-publish","4":"has-post-thumbnail","6":"product_brand-jinling","7":"product_cat-children-school-supplies","8":"product_tag-nursery-decor","9":"desktop-align-left","10":"tablet-align-left","11":"mobile-align-left","13":"first","14":"instock","15":"shipping-taxable","16":"product-type-simple"},"acf":[],"_links":{"self":[{"href":"https:\/\/jinlingcraft.com\/es\/wp-json\/wp\/v2\/product\/2907","targetHints":{"allow":["GET"]}}],"collection":[{"href":"https:\/\/jinlingcraft.com\/es\/wp-json\/wp\/v2\/product"}],"about":[{"href":"https:\/\/jinlingcraft.com\/es\/wp-json\/wp\/v2\/types\/product"}],"replies":[{"embeddable":true,"href":"https:\/\/jinlingcraft.com\/es\/wp-json\/wp\/v2\/comments?post=2907"}],"wp:featuredmedia":[{"embeddable":true,"href":"https:\/\/jinlingcraft.com\/es\/wp-json\/wp\/v2\/media\/2559"}],"wp:attachment":[{"href":"https:\/\/jinlingcraft.com\/es\/wp-json\/wp\/v2\/media?parent=2907"}],"wp:term":[{"taxonomy":"product_brand","embeddable":true,"href":"https:\/\/jinlingcraft.com\/es\/wp-json\/wp\/v2\/product_brand?post=2907"},{"taxonomy":"product_cat","embeddable":true,"href":"https:\/\/jinlingcraft.com\/es\/wp-json\/wp\/v2\/product_cat?post=2907"},{"taxonomy":"product_tag","embeddable":true,"href":"https:\/\/jinlingcraft.com\/es\/wp-json\/wp\/v2\/product_tag?post=2907"}],"curies":[{"name":"wp","href":"https:\/\/api.w.org\/{rel}","templated":true}]}}