{"id":2914,"date":"2026-04-27T18:02:06","date_gmt":"2026-04-27T10:02:06","guid":{"rendered":"https:\/\/jinlingcraft.com\/?post_type=product&#038;p=2914"},"modified":"2026-05-09T12:04:06","modified_gmt":"2026-05-09T04:04:06","slug":"wooden-wedding-money-gift-holder-for-mr-and-mrs","status":"publish","type":"product","link":"https:\/\/jinlingcraft.com\/es\/products\/gift-creative-decor\/wooden-wedding-money-gift-holder-for-mr-and-mrs\/","title":{"rendered":"Regalo de boda de madera para el Sr. y la Sra."},"content":{"rendered":"<p class=\"p1\">El porta-regalos de madera para dinero de boda es un producto de presentaci\u00f3n de regalos decorativo y pr\u00e1ctico para bodas, compromisos, aniversarios y celebraciones nupciales. En lugar de colocar dinero en efectivo o tarjetas de regalo en un simple sobre, este soporte de madera crea una experiencia de regalo m\u00e1s elegante y con estilo de recuerdo.<\/p>\n<p class=\"p1\">El panel frontal presenta grabados a l\u00e1ser de tem\u00e1tica nupcial, como siluetas de novios, anillos, estrellas, el texto \u201cSr. y Sra.\u201d y frases de bendici\u00f3n. La abertura central est\u00e1 dise\u00f1ada para mostrar dinero en efectivo, tarjetas de regalo, cupones o notas personalizadas, mientras que los lazos de cinta ayudan a asegurar el regalo en su lugar.<\/p>\n<p class=\"p1\">Fabricado con tablero de madera ligero, este producto es adecuado para tiendas de regalos de boda, organizadores de eventos, marcas de art\u00edculos para fiestas, vendedores en l\u00ednea, marcas de regalos personalizados y distribuidores mayoristas que buscan productos de madera personalizables para regalos de boda.<\/p>","protected":false},"excerpt":{"rendered":"<p>Este portamonedas de madera para regalos de boda est\u00e1 dise\u00f1ado para presentar dinero en efectivo, tarjetas regalo, vales o notas de bendici\u00f3n de una forma rom\u00e1ntica y memorable. Con gr\u00e1ficos de boda grabados con l\u00e1ser, lazos de cinta y un dise\u00f1o de \u201cSr. y Sra.\u201d, es ideal para regalos de boda, regalos de despedida de soltera, fiestas de compromiso, regalos de aniversario y colecciones de regalos de pareja personalizados.<\/p>","protected":false},"featured_media":2514,"comment_status":"open","ping_status":"closed","template":"","meta":{"_acf_changed":false,"site-sidebar-layout":"default","site-content-layout":"","ast-site-content-layout":"default","site-content-style":"default","site-sidebar-style":"default","ast-global-header-display":"","ast-banner-title-visibility":"","ast-main-header-display":"","ast-hfb-above-header-display":"","ast-hfb-below-header-display":"","ast-hfb-mobile-header-display":"","site-post-title":"","ast-breadcrumbs-content":"","ast-featured-img":"","footer-sml-layout":"","ast-disable-related-posts":"","theme-transparent-header-meta":"default","adv-header-id-meta":"","stick-header-meta":"default","header-above-stick-meta":"","header-main-stick-meta":"","header-below-stick-meta":"","astra-migrate-meta-layouts":"set","ast-page-background-enabled":"default","ast-page-background-meta":{"desktop":{"background-color":"var(--ast-global-color-5)","background-image":"","background-repeat":"repeat","background-position":"center center","background-size":"auto","background-attachment":"scroll","background-type":"","background-media":"","overlay-type":"","overlay-color":"","overlay-opacity":"","overlay-gradient":""},"tablet":{"background-color":"","background-image":"","background-repeat":"repeat","background-position":"center center","background-size":"auto","background-attachment":"scroll","background-type":"","background-media":"","overlay-type":"","overlay-color":"","overlay-opacity":"","overlay-gradient":""},"mobile":{"background-color":"","background-image":"","background-repeat":"repeat","background-position":"center center","background-size":"auto","background-attachment":"scroll","background-type":"","background-media":"","overlay-type":"","overlay-color":"","overlay-opacity":"","overlay-gradient":""}},"ast-content-background-meta":{"desktop":{"background-color":"var(--ast-global-color-4)","background-image":"","background-repeat":"repeat","background-position":"center center","background-size":"auto","background-attachment":"scroll","background-type":"","background-media":"","overlay-type":"","overlay-color":"","overlay-opacity":"","overlay-gradient":""},"tablet":{"background-color":"var(--ast-global-color-4)","background-image":"","background-repeat":"repeat","background-position":"center center","background-size":"auto","background-attachment":"scroll","background-type":"","background-media":"","overlay-type":"","overlay-color":"","overlay-opacity":"","overlay-gradient":""},"mobile":{"background-color":"var(--ast-global-color-4)","background-image":"","background-repeat":"repeat","background-position":"center center","background-size":"auto","background-attachment":"scroll","background-type":"","background-media":"","overlay-type":"","overlay-color":"","overlay-opacity":"","overlay-gradient":""}}},"product_brand":[191],"product_cat":[33],"product_tag":[265],"class_list":{"0":"post-2914","1":"product","2":"type-product","3":"status-publish","4":"has-post-thumbnail","6":"product_brand-jinling","7":"product_cat-gift-creative-decor","8":"product_tag-wedding-sign","9":"desktop-align-left","10":"tablet-align-left","11":"mobile-align-left","13":"first","14":"instock","15":"shipping-taxable","16":"product-type-simple"},"acf":[],"_links":{"self":[{"href":"https:\/\/jinlingcraft.com\/es\/wp-json\/wp\/v2\/product\/2914","targetHints":{"allow":["GET"]}}],"collection":[{"href":"https:\/\/jinlingcraft.com\/es\/wp-json\/wp\/v2\/product"}],"about":[{"href":"https:\/\/jinlingcraft.com\/es\/wp-json\/wp\/v2\/types\/product"}],"replies":[{"embeddable":true,"href":"https:\/\/jinlingcraft.com\/es\/wp-json\/wp\/v2\/comments?post=2914"}],"wp:featuredmedia":[{"embeddable":true,"href":"https:\/\/jinlingcraft.com\/es\/wp-json\/wp\/v2\/media\/2514"}],"wp:attachment":[{"href":"https:\/\/jinlingcraft.com\/es\/wp-json\/wp\/v2\/media?parent=2914"}],"wp:term":[{"taxonomy":"product_brand","embeddable":true,"href":"https:\/\/jinlingcraft.com\/es\/wp-json\/wp\/v2\/product_brand?post=2914"},{"taxonomy":"product_cat","embeddable":true,"href":"https:\/\/jinlingcraft.com\/es\/wp-json\/wp\/v2\/product_cat?post=2914"},{"taxonomy":"product_tag","embeddable":true,"href":"https:\/\/jinlingcraft.com\/es\/wp-json\/wp\/v2\/product_tag?post=2914"}],"curies":[{"name":"wp","href":"https:\/\/api.w.org\/{rel}","templated":true}]}}